{"id":130,"date":"2021-12-23T19:02:56","date_gmt":"2021-12-23T18:02:56","guid":{"rendered":"https:\/\/pgkmilejow.pl\/?page_id=130"},"modified":"2025-11-25T07:53:09","modified_gmt":"2025-11-25T06:53:09","slug":"aktualnosci","status":"publish","type":"page","link":"https:\/\/pgkmilejow.pl\/?page_id=130","title":{"rendered":"Aktualno\u015bci"},"content":{"rendered":"<p><strong>24\/10\/2025 r.<br \/>\n<\/strong>Zgodnie z zarz\u0105dzeniem Prezesa Zarz\u0105du Przedsi\u0119biorstwa z dnia 24-10-2025 r. informujemy, \u017ce dzie\u0144<br \/>\n17 listopada 2025 r. jest dniem wolnym od pracy dla pracownik\u00f3w Przedsi\u0119biorstwa Gospodarki Komunalnej w Milejowie sp. z o. o.<br \/>\nDzie\u0144 wolny od pracy przys\u0142uguje w zamian za 01 listopada 2025 r. tj. dzie\u0144 wolny od pracy przypadaj\u0105cy w sobot\u0119.<\/p>\n<hr \/>\n<p><strong>14\/10\/2025 r.<br \/>\nZawiadomienie o przerwie w dostawie wody<\/strong><\/p>\n<p>Przedsi\u0119biorstwo Gospodarki Komunalnej w Milejowie sp. z o.o.<br \/>\nzawiadamia, \u017ce w dniu 16-10-2025 r. (czwartek) od godziny 09:00 do godziny 13:00 nast\u0105pi przerwa w dostawie wody pitnej, u odbiorc\u00f3w wody Gminy Milej\u00f3w (nie dotyczy msc. \u0141a\u0144cuch\u00f3w i W\u00f3lka \u0141a\u0144cuchowska).<br \/>\nPowy\u017csze spowodowane jest przebudow\u0105 sieci wodoci\u0105gowej. W przypadku wcze\u015bniejszego zako\u0144czenia przerwy w dostawie wody, wznowienie dostawy nast\u0105pi bez dodatkowego powiadomienia.<br \/>\nPrzepraszamy za powsta\u0142e niedogodno\u015bci.<\/p>\n<hr \/>\n<p><strong>06\/10\/2025<br \/>\nInformacja o jednosk\u0142adnikowej cenie ciep\u0142a (JCC)<\/strong><\/p>\n<p>Na podstawie przepis\u00f3w art. 8, art. 9 i art. 10 Ustawy z dnia 12 wrze\u015bnia 2025 r. o bonie ciep\u0142owniczym oraz o zmianie niekt\u00f3rych ustaw w celu ograniczenia wysoko\u015bci cen energii elektrycznej (Dz.U. 2025 poz. 1302) Przedsi\u0119biorstwo Gospodarki Komunalnej w Milejowie Sp. z o.o. uprzejmie informuje, \u017ce jednosk\u0142adnikowa cena ciep\u0142a netto (JCC) wynosi <strong>160,58 z\u0142\/GJ.<\/strong><\/p>\n<hr \/>\n<p><strong>24\/09\/2025 r.<br \/>\nKomunikat dla odbiorc\u00f3w pobieraj\u0105cych ciep\u0142o z sieci ciep\u0142owniczej w Milejowie-Osadzie<\/strong><\/p>\n<p>Przedsi\u0119biorstwo Gospodarki Komunalnej w Milejowie informuje, \u017ce od dnia 25-09-2025 r. rozpocznie si\u0119 uzupe\u0142nianie sieci ciep\u0142owniczej czynnikiem grzewczym. Prosimy o zabezpieczenie i kontrolowanie wewn\u0119trznych instalacji centralnego ogrzewania oraz sukcesywne odpowietrzanie podczas uzupe\u0142niania czynnikiem. Uzupe\u0142nienie mo\u017ce potrwa\u0107 kilka dni.<\/p>\n<hr \/>\n<p><strong>17\/06\/2025<\/strong><br \/>\n<a href=\"https:\/\/pgkmilejow.pl\/wp-content\/uploads\/2025\/06\/WZZ_W\u00f3lka_ocena_wody_PIS_17.06.2025r.pdf\">Pa\u0144stwowy Powiatowy Inspektor Sanitarny w \u0141\u0119cznej ONS.HK.903.18.5.2025 z dnia 17-06-2025: Bie\u017c\u0105ca ocena jako\u015bci wody przeznaczonej do spo\u017cycia przez ludzi z wodoci\u0105gu zbiorowego zaopatrzenia W\u00f3lka \u0141a\u0144cuchowska.<\/a><\/p>\n<hr \/>\n<p><strong>16\/06\/2025<\/strong><br \/>\nInformujemy, \u017ce w dniu 20-06-2025 r. (pi\u0105tek) biuro Przedsi\u0119biorstwa Gospodarki Komunalnej w Milejowie b\u0119dzie nieczynne.<br \/>\nZa przepraszamy utrudnienia.<\/p>\n<hr \/>\n<p><strong>30\/04\/2025<\/strong><br \/>\n<a href=\"https:\/\/pgkmilejow.pl\/?page_id=893\">Komunikat Pa\u0144stwowego Powiatowego Inspektora Sanitarnego w \u0141\u0119cznej z dnia 29-04-2025 r. w sprawie braku przydatno\u015bci do spo\u017cycia wody z uj\u0119cia w W\u00f3lce \u0141a\u0144cuchowskiej oraz informacja dla odbiorc\u00f3w wody z wodoci\u0105gu zbiorowego zaopatrzenia w miejscowo\u015bciach: \u0141a\u0144cuch\u00f3w, W\u00f3lka \u0141a\u0144cuchowska.<\/a><\/p>\n<hr \/>\n<p><strong>28\/04\/2025<\/strong><br \/>\nInformujemy, \u017ce w dniu 02-05-2025 r. biuro Przedsi\u0119biorstwa Gospodarki Komunalnej w Milejowie jest zamkni\u0119te (dzie\u0144 wolny za 03-05-2025 r.).<br \/>\nZa niedogodno\u015bci przepraszamy.<\/p>\n<hr \/>\n<p><strong>02\/09\/2024<\/strong><br \/>\n<a href=\"https:\/\/pgkmilejow.pl\/wp-content\/uploads\/2024\/09\/za20240906075750628.pdf\">Zarz\u0105dzenie Prezesa o zmianie niekt\u00f3rych cen<\/a><\/p>\n<hr \/>\n<p>14\/06\/2024<br \/>\n<a href=\"https:\/\/pgkmilejow.pl\/wp-content\/uploads\/2024\/06\/informacja art. 59a 01-07-2024 - 31-12-2024.pdf\">Informacja o cenie maksymalnej ciep\u0142a w okresie od 01 lipca 2024 r. do 31 grudnia 2024 r. oraz o ustanowieniu najni\u017cszej ceny dostawy ciep\u0142a.<\/a><\/p>\n<p><a href=\"https:\/\/pgkmilejow.pl\/wp-content\/uploads\/2024\/06\/informacja art. 59a 01-01-2025 do 30-06-2025.pdf\">Informacja o cenie maksymalnej ciep\u0142a w okresie od 01 stycznia 2025 r. do 30 czerwca 2025 r. oraz o ustanowieniu najni\u017cszej ceny dostawy ciep\u0142a.<\/a><\/p>\n<hr \/>\n<p><strong>26\/04\/2024<\/strong><br \/>\nPrzedsi\u0119biorstwo Gospodarki Komunalnej w Milejowie Sp. z o.o. uprzejmie informuje, \u017ce <strong>w dniu 02 maja 2024 r.<\/strong> biuro Przedsi\u0119biorstwo jest nieczynne.<\/p>\n<hr \/>\n<p><strong>18\/03\/2024<\/strong><br \/>\nPrzedsi\u0119biorstwo Gospodarki Komunalnej w Milejowie Sp. z o.o. uprzejmie informuje, \u017ce od 01 kwietnia 2024 r. zostan\u0105 zmienione stawki cenowe us\u0142ug asenizacyjnych. Informacje szczeg\u00f3\u0142owe opublikowane zosta\u0142y w zak\u0142adce &#8222;Us\u0142ugi&#8221;.<\/p>\n<hr \/>\n<p><strong>02\/02\/2023<\/strong><br \/>\nUwaga!<br \/>\n<a href=\"https:\/\/pgkmilejow.pl\/wp-content\/uploads\/2024\/02\/20240202133058285_0001-1.jpg\">Odbiorcy wody oraz us\u0142ug kanalizacyjnych<\/a><\/p>\n<hr \/>\n<p><strong>25\/01\/2024<\/strong><br \/>\nInformujemy, \u017ce w dniu 30-01-2024 r. (wtorek)<br \/>\nod godziny 10:00 do godziny 12:00 nast\u0105pi przerwa w dostawie wody na terenie<br \/>\nGminy Milej\u00f3w (nie dotyczy miejscowo\u015bci \u0141a\u0144cuch\u00f3w, W\u00f3lka \u0141a\u0144cuchowska).<br \/>\nPowy\u017csze jest podyktowane zaplanowanym przy\u0142\u0105czeniem do sieci wodoci\u0105gowej<br \/>\nnowo wybudowanego wodoci\u0105gu.<br \/>\nWznowienie dostawy wody u odbiorc\u00f3w mo\u017ce trwa\u0107 do godziny 14:00.<\/p>\n<hr \/>\n<p><strong>10-01-2024 r.\u00a0Komunikat dla odbiorc\u00f3w pobieraj\u0105cych ciep\u0142o z sieci ciep\u0142owniczej w Milejowie-Osadzie<\/strong><\/p>\n<p>W zwi\u0105zku z wyst\u0105pieniem awarii sieci ciep\u0142owniczej mog\u0105 wyst\u0119powa\u0107 zak\u0142\u00f3cenia w dostawie ciep\u0142a.<br \/>\nTrwaj\u0105 prace naprawcze zmierzaj\u0105ce do jak najszybszego przywr\u00f3cenia normalnego funkcjonowania sieci.<br \/>\nZa wszelkie niedogodno\u015bci zwi\u0105zane z powy\u017cszym przepraszamy.<\/p>\n<hr \/>\n<p><strong>02\/01\/2024<\/strong><br \/>\n<a href=\"https:\/\/pgkmilejow.pl\/wp-content\/uploads\/2024\/01\/informacja art. 59a 01-01-2024 - 30-06-2024.pdf\">Informacja o cenie maksymalnej ciep\u0142a w okresie od 01 stycznia 2024 r. do 30 czerwca 2024 r. oraz o ustanowieniu najni\u017cszej ceny dostawy ciep\u0142a.<\/a><\/p>\n<hr \/>\n<p><strong>15\/12\/2023<\/strong><br \/>\nInformujemy, \u017ce w zwi\u0105zku z remontem nawierzchni drogi, ul. Klarowska w Milejowie-Osadzie w dniach od 18 do 20 grudnia br., w godzinach od 8:00 do 16:00, b\u0119dzie wy\u0142\u0105czona z ruchu drogowego i dojazd ul. Klarowsk\u0105 do biura Przedsi\u0119biorstwa, PSZOK oraz oczyszczalni \u015bciek\u00f3w\u00a0 nie b\u0119dzie mo\u017cliwy. Dla samochod\u00f3w asenizacyjnych, na ww. okres, zostanie utworzony tymczasowy punkt odbioru \u015bciek\u00f3w przy ul. Kasztanowej.<br \/>\nDo pobrania\u00a0<a role=\"link\" href=\"https:\/\/milejow.pl\/wp-content\/uploads\/2023\/12\/Ogloszenie.pdf\" data-type=\"link\" data-id=\"https:\/\/milejow.pl\/wp-content\/uploads\/2023\/12\/Ogloszenie.pdf\">tre\u015b\u0107 og\u0142oszenia<\/a><\/p>\n<hr \/>\n<p><strong>19\/09\/2023<\/strong><br \/>\nInformujemy, \u017ce Dyrektor Regionalnego Zarz\u0105du Gospodarki Wodnej w Lublinie Pa\u0144stwowego Gospodarstwa Wodnego Wody Polskie, zatwierdzi\u0142 taryf\u0119 za zbiorowe odprowadzanie \u015bciek\u00f3w na terenie Gminy Milej\u00f3w, na okres trzech lat. <a href=\"https:\/\/wodypolskie.bip.gov.pl\/rzgw-w-lublinie-taryfy\/decyzja-nr-lu-rzt-70-43-2023.html\">Informacja o zatwierdzeniu jest dost\u0119pna na stronie Pa\u0144stwowego Gospodarstwa Wodnego Wody Polskie<\/a>.<br \/>\nTaryfa wchodzi w \u017cycie 7 dni od daty og\u0142oszenia na stronie internetowej Pa\u0144stwowego Gospodarstwa Wodnego Wody Polskie.<br \/>\n<a href=\"https:\/\/pgkmilejow.pl\/wp-content\/uploads\/2023\/09\/70.43.2023 decyzja zatwierdzaj\u0105ca Milej\u00f3w.pdf\">Pobierz tre\u015b\u0107 decyzji zatwierdzaj\u0105cej wraz z taryf\u0105<\/a>.<\/p>\n<hr \/>\n<p><strong>30\/06\/2023<\/strong><br \/>\n<a href=\"https:\/\/pgkmilejow.pl\/wp-content\/uploads\/2023\/06\/promocja-projektu-POS-2022.pdf\">Budowa przydomowych oczyszczalni \u015bciek\u00f3w na terenie Gminy Milej\u00f3w. Strona promocyjna przedsi\u0119wzi\u0119cia dofinasowanego ze \u015brodk\u00f3w wsp\u00f3lnotowych w ramach Programu Rozwoju Obszar\u00f3w Wiejskich na lata 2014-2020.<\/a><\/p>\n<hr \/>\n<p><strong>18\/09\/2023<\/strong><br \/>\nPrzedsi\u0119biorstwo Gospodarki Komunalnej w Milejowie Sp. z o.o. informuje, \u017ce od 20-09-2023 r. rozpocznie uzupe\u0142nianie czynnika grzewczego (wody) w sieci ciep\u0142owniczej.<\/p>\n<hr \/>\n<p><strong>30\/06\/2023<\/strong><br \/>\n<a href=\"https:\/\/pgkmilejow.pl\/wp-content\/uploads\/2023\/06\/promocja-projektu-POS-2022.pdf\">Budowa przydomowych oczyszczalni \u015bciek\u00f3w na terenie Gminy Milej\u00f3w. Strona promocyjna przedsi\u0119wzi\u0119cia dofinasowanego ze \u015brodk\u00f3w wsp\u00f3lnotowych w ramach Programu Rozwoju Obszar\u00f3w Wiejskich na lata 2014-2020.<\/a><\/p>\n<hr \/>\n<p><strong>29\/06\/2023<\/strong><br \/>\n<a href=\"https:\/\/pgkmilejow.pl\/wp-content\/uploads\/2023\/06\/ocena-jakosci-wody-20-06-2023.pdf\">Bie\u017c\u0105ca ocena jako\u015bci wody przeznaczonej do spo\u017cycia przez ludzi (z wodoci\u0105gu lokalnego Milej\u00f3w).<\/a><\/p>\n<hr \/>\n<p><strong>19\/06\/2023<\/strong><br \/>\nPrzedsi\u0119biorstwo Gospodarki Komunalnej w Milejowie Sp. z o.o. uprzejmie informuje, \u017ce od<br \/>\n<span data-darkreader-inline-color=\"\">m-ca lipca 2023r.\u00a0<\/span>b\u0119dzie prowadzi\u0107 sprzeda\u017c w\u0119gla po cenach konkurencyjnych.<br \/>\nZainteresowanych prosimy o kontakt z biurem Sp\u00f3\u0142ki pod nr tel. 81\u00a0757-20-51.<\/p>\n<hr \/>\n<p><strong>20\/03\/2023<\/strong><br \/>\n<a href=\"https:\/\/pgkmilejow.pl\/wp-content\/uploads\/2023\/03\/biezaca-ocena-jakosci-wody_20-03-2023.pdf\">Bie\u017c\u0105ca ocena jako\u015bci wody przeznaczonej do spo\u017cycia przez ludzi (z wodoci\u0105gu lokalnego Milej\u00f3w).<\/a><\/p>\n<hr \/>\n<p><strong>01\/03\/2023<\/strong><br \/>\n<a href=\"https:\/\/pgkmilejow.pl\/wp-content\/uploads\/2023\/03\/informacja art. 59a 2023.pdf\">Informacja o cenie maksymalnej ciep\u0142a w okresie od 01 marca 2023 r. do 31 grudnia 2023 r. oraz o ustanowieniu najni\u017cszej ceny dostawy ciep\u0142a.<\/a><\/p>\n<hr \/>\n<p><strong>29\/09\/2022<\/strong><br \/>\n<a href=\"https:\/\/pgkmilejow.pl\/wp-content\/uploads\/2022\/09\/informacja art. 59.pdf\">Informacja o cenie dostawy ciep\u0142a w okresie od 01 pa\u017adziernika 2022 r. do 30 kwietnia 2023r.<\/a><\/p>\n<hr \/>\n<p><strong>05\/09\/2022<\/strong><br \/>\nUprzejmie informujemy, \u017ce w dniu 06.09.2022( wtorek ) w godzinach 10-12 nie b\u0119dzie wody w miejscowo\u015bci \u017burawniki z przy\u0142\u0105cza wodoci\u0105gowego od gminy Milej\u00f3w.<br \/>\nPrzepraszamy za utrudnienia.<\/p>\n<hr \/>\n<p><strong>16\/05\/2022<\/strong><br \/>\nSzanowni mieszka\u0144cy<\/p>\n<p style=\"font-weight: 400;\">Uprzejmie informujemy, \u017ce z dniem 1 czerwca 2022r. zmienia si\u0119 \u00a0adres siedziby sp\u00f3\u0142ki z dotychczasowego na ul. Klarowska 23, 21-020 Milej\u00f3w-Osada.<br \/>\nPod powy\u017cszym adresem zapraszamy do Punktu Selektywnej Zbi\u00f3rki Odpad\u00f3w Komunalnych.<\/p>\n<hr \/>\n<p>27\/04\/2022<br \/>\nOg\u0142oszenie o pisemnym przetargu nieograniczonym na sprzeda\u017c nieruchomo\u015bci zabudowanej w miejscowo\u015bci Milej\u00f3w-Osada, przy ulicy Weso\u0142ej nr <a href=\"https:\/\/pgkmilejow.pl\/wp-content\/uploads\/2022\/04\/ogloszenie.pdf\">18.<\/a><\/p>\n<hr \/>\n<p>03\/01\/2022<br \/>\nZgodnie z Uchwa\u0142\u0105 Rady Gminy Milej\u00f3w Nr XXXVII\/226\/21 z dnia 29 listopada 2021r. (Dz. Urz. Woj. Lub. z 2021 r., poz. 5606) oraz Uchwa\u0142\u0105 Rady Gminy Milej\u00f3w Nr XXXVII\/225\/21 z dnia 29 listopada 2021 r. (Dz. Urz. Woj. Lub. z 2021 r., poz. 5605)\u00a0 zapraszamy\u00a0instytucje i podmioty gospodarcze\u00a0do podpisywania Um\u00f3w odbioru i wywozu odpad\u00f3w komunalnych sta\u0142ych do naszego biura na ul. Weso\u0142\u0105 18,21-020 Milej\u00f3w-Osada.<\/p>\n<p>&nbsp;<\/p>\n","protected":false},"excerpt":{"rendered":"<p>24\/10\/2025 r. Zgodnie z zarz\u0105dzeniem Prezesa Zarz\u0105du Przedsi\u0119biorstwa z dnia 24-10-2025 r. informujemy, \u017ce dzie\u0144 17 listopada 2025 r. jest dniem wolnym od pracy dla pracownik\u00f3w Przedsi\u0119biorstwa Gospodarki Komunalnej w Milejowie sp. z o. o. Dzie\u0144 wolny od pracy przys\u0142uguje w zamian za 01 listopada 2025 r. tj. dzie\u0144 wolny od pracy przypadaj\u0105cy w sobot\u0119. [&hellip;]<\/p>\n","protected":false},"author":3,"featured_media":0,"parent":0,"menu_order":0,"comment_status":"closed","ping_status":"closed","template":"","meta":{"footnotes":""},"class_list":["post-130","page","type-page","status-publish","hentry"],"yoast_head":"<!-- This site is optimized with the Yoast SEO plugin v27.6 - https:\/\/yoast.com\/product\/yoast-seo-wordpress\/ -->\n<title>Aktualno\u015bci - Razem dla natury<\/title>\n<meta name=\"robots\" content=\"index, follow, max-snippet:-1, max-image-preview:large, max-video-preview:-1\" \/>\n<link rel=\"canonical\" href=\"https:\/\/pgkmilejow.pl\/?page_id=130\" \/>\n<meta property=\"og:locale\" content=\"pl_PL\" \/>\n<meta property=\"og:type\" content=\"article\" \/>\n<meta property=\"og:title\" content=\"Aktualno\u015bci - Razem dla natury\" \/>\n<meta property=\"og:description\" content=\"24\/10\/2025 r. Zgodnie z zarz\u0105dzeniem Prezesa Zarz\u0105du Przedsi\u0119biorstwa z dnia 24-10-2025 r. informujemy, \u017ce dzie\u0144 17 listopada 2025 r. jest dniem wolnym od pracy dla pracownik\u00f3w Przedsi\u0119biorstwa Gospodarki Komunalnej w Milejowie sp. z o. o. Dzie\u0144 wolny od pracy przys\u0142uguje w zamian za 01 listopada 2025 r. tj. dzie\u0144 wolny od pracy przypadaj\u0105cy w sobot\u0119. [&hellip;]\" \/>\n<meta property=\"og:url\" content=\"https:\/\/pgkmilejow.pl\/?page_id=130\" \/>\n<meta property=\"og:site_name\" content=\"Razem dla natury\" \/>\n<meta property=\"article:modified_time\" content=\"2025-11-25T06:53:09+00:00\" \/>\n<meta name=\"twitter:card\" content=\"summary_large_image\" \/>\n<meta name=\"twitter:label1\" content=\"Szacowany czas czytania\" \/>\n\t<meta name=\"twitter:data1\" content=\"1 minuta\" \/>\n<script type=\"application\/ld+json\" class=\"yoast-schema-graph\">{\"@context\":\"https:\\\/\\\/schema.org\",\"@graph\":[{\"@type\":\"WebPage\",\"@id\":\"https:\\\/\\\/pgkmilejow.pl\\\/?page_id=130\",\"url\":\"https:\\\/\\\/pgkmilejow.pl\\\/?page_id=130\",\"name\":\"Aktualno\u015bci - Razem dla natury\",\"isPartOf\":{\"@id\":\"https:\\\/\\\/pgkmilejow.pl\\\/#website\"},\"datePublished\":\"2021-12-23T18:02:56+00:00\",\"dateModified\":\"2025-11-25T06:53:09+00:00\",\"breadcrumb\":{\"@id\":\"https:\\\/\\\/pgkmilejow.pl\\\/?page_id=130#breadcrumb\"},\"inLanguage\":\"pl-PL\",\"potentialAction\":[{\"@type\":\"ReadAction\",\"target\":[\"https:\\\/\\\/pgkmilejow.pl\\\/?page_id=130\"]}]},{\"@type\":\"BreadcrumbList\",\"@id\":\"https:\\\/\\\/pgkmilejow.pl\\\/?page_id=130#breadcrumb\",\"itemListElement\":[{\"@type\":\"ListItem\",\"position\":1,\"name\":\"Home\",\"item\":\"https:\\\/\\\/pgkmilejow.pl\\\/\"},{\"@type\":\"ListItem\",\"position\":2,\"name\":\"Aktualno\u015bci\"}]},{\"@type\":\"WebSite\",\"@id\":\"https:\\\/\\\/pgkmilejow.pl\\\/#website\",\"url\":\"https:\\\/\\\/pgkmilejow.pl\\\/\",\"name\":\"Razem dla natury\",\"description\":\"Przedsi\u0119biorstwo Gospodarki Komunalnej w Milejowie Sp. z o. o.\",\"publisher\":{\"@id\":\"https:\\\/\\\/pgkmilejow.pl\\\/#organization\"},\"potentialAction\":[{\"@type\":\"SearchAction\",\"target\":{\"@type\":\"EntryPoint\",\"urlTemplate\":\"https:\\\/\\\/pgkmilejow.pl\\\/?s={search_term_string}\"},\"query-input\":{\"@type\":\"PropertyValueSpecification\",\"valueRequired\":true,\"valueName\":\"search_term_string\"}}],\"inLanguage\":\"pl-PL\"},{\"@type\":\"Organization\",\"@id\":\"https:\\\/\\\/pgkmilejow.pl\\\/#organization\",\"name\":\"Razem dla natury\",\"url\":\"https:\\\/\\\/pgkmilejow.pl\\\/\",\"logo\":{\"@type\":\"ImageObject\",\"inLanguage\":\"pl-PL\",\"@id\":\"https:\\\/\\\/pgkmilejow.pl\\\/#\\\/schema\\\/logo\\\/image\\\/\",\"url\":\"https:\\\/\\\/pgkmilejow.pl\\\/wp-content\\\/uploads\\\/2021\\\/12\\\/logoPGK3-1.png\",\"contentUrl\":\"https:\\\/\\\/pgkmilejow.pl\\\/wp-content\\\/uploads\\\/2021\\\/12\\\/logoPGK3-1.png\",\"width\":246,\"height\":212,\"caption\":\"Razem dla natury\"},\"image\":{\"@id\":\"https:\\\/\\\/pgkmilejow.pl\\\/#\\\/schema\\\/logo\\\/image\\\/\"}}]}<\/script>\n<!-- \/ Yoast SEO plugin. -->","yoast_head_json":{"title":"Aktualno\u015bci - Razem dla natury","robots":{"index":"index","follow":"follow","max-snippet":"max-snippet:-1","max-image-preview":"max-image-preview:large","max-video-preview":"max-video-preview:-1"},"canonical":"https:\/\/pgkmilejow.pl\/?page_id=130","og_locale":"pl_PL","og_type":"article","og_title":"Aktualno\u015bci - Razem dla natury","og_description":"24\/10\/2025 r. Zgodnie z zarz\u0105dzeniem Prezesa Zarz\u0105du Przedsi\u0119biorstwa z dnia 24-10-2025 r. informujemy, \u017ce dzie\u0144 17 listopada 2025 r. jest dniem wolnym od pracy dla pracownik\u00f3w Przedsi\u0119biorstwa Gospodarki Komunalnej w Milejowie sp. z o. o. Dzie\u0144 wolny od pracy przys\u0142uguje w zamian za 01 listopada 2025 r. tj. dzie\u0144 wolny od pracy przypadaj\u0105cy w sobot\u0119. [&hellip;]","og_url":"https:\/\/pgkmilejow.pl\/?page_id=130","og_site_name":"Razem dla natury","article_modified_time":"2025-11-25T06:53:09+00:00","twitter_card":"summary_large_image","twitter_misc":{"Szacowany czas czytania":"1 minuta"},"schema":{"@context":"https:\/\/schema.org","@graph":[{"@type":"WebPage","@id":"https:\/\/pgkmilejow.pl\/?page_id=130","url":"https:\/\/pgkmilejow.pl\/?page_id=130","name":"Aktualno\u015bci - Razem dla natury","isPartOf":{"@id":"https:\/\/pgkmilejow.pl\/#website"},"datePublished":"2021-12-23T18:02:56+00:00","dateModified":"2025-11-25T06:53:09+00:00","breadcrumb":{"@id":"https:\/\/pgkmilejow.pl\/?page_id=130#breadcrumb"},"inLanguage":"pl-PL","potentialAction":[{"@type":"ReadAction","target":["https:\/\/pgkmilejow.pl\/?page_id=130"]}]},{"@type":"BreadcrumbList","@id":"https:\/\/pgkmilejow.pl\/?page_id=130#breadcrumb","itemListElement":[{"@type":"ListItem","position":1,"name":"Home","item":"https:\/\/pgkmilejow.pl\/"},{"@type":"ListItem","position":2,"name":"Aktualno\u015bci"}]},{"@type":"WebSite","@id":"https:\/\/pgkmilejow.pl\/#website","url":"https:\/\/pgkmilejow.pl\/","name":"Razem dla natury","description":"Przedsi\u0119biorstwo Gospodarki Komunalnej w Milejowie Sp. z o. o.","publisher":{"@id":"https:\/\/pgkmilejow.pl\/#organization"},"potentialAction":[{"@type":"SearchAction","target":{"@type":"EntryPoint","urlTemplate":"https:\/\/pgkmilejow.pl\/?s={search_term_string}"},"query-input":{"@type":"PropertyValueSpecification","valueRequired":true,"valueName":"search_term_string"}}],"inLanguage":"pl-PL"},{"@type":"Organization","@id":"https:\/\/pgkmilejow.pl\/#organization","name":"Razem dla natury","url":"https:\/\/pgkmilejow.pl\/","logo":{"@type":"ImageObject","inLanguage":"pl-PL","@id":"https:\/\/pgkmilejow.pl\/#\/schema\/logo\/image\/","url":"https:\/\/pgkmilejow.pl\/wp-content\/uploads\/2021\/12\/logoPGK3-1.png","contentUrl":"https:\/\/pgkmilejow.pl\/wp-content\/uploads\/2021\/12\/logoPGK3-1.png","width":246,"height":212,"caption":"Razem dla natury"},"image":{"@id":"https:\/\/pgkmilejow.pl\/#\/schema\/logo\/image\/"}}]}},"_links":{"self":[{"href":"https:\/\/pgkmilejow.pl\/index.php?rest_route=\/wp\/v2\/pages\/130","targetHints":{"allow":["GET"]}}],"collection":[{"href":"https:\/\/pgkmilejow.pl\/index.php?rest_route=\/wp\/v2\/pages"}],"about":[{"href":"https:\/\/pgkmilejow.pl\/index.php?rest_route=\/wp\/v2\/types\/page"}],"author":[{"embeddable":true,"href":"https:\/\/pgkmilejow.pl\/index.php?rest_route=\/wp\/v2\/users\/3"}],"replies":[{"embeddable":true,"href":"https:\/\/pgkmilejow.pl\/index.php?rest_route=%2Fwp%2Fv2%2Fcomments&post=130"}],"version-history":[{"count":92,"href":"https:\/\/pgkmilejow.pl\/index.php?rest_route=\/wp\/v2\/pages\/130\/revisions"}],"predecessor-version":[{"id":1247,"href":"https:\/\/pgkmilejow.pl\/index.php?rest_route=\/wp\/v2\/pages\/130\/revisions\/1247"}],"wp:attachment":[{"href":"https:\/\/pgkmilejow.pl\/index.php?rest_route=%2Fwp%2Fv2%2Fmedia&parent=130"}],"curies":[{"name":"wp","href":"https:\/\/api.w.org\/{rel}","templated":true}]}}