{"id":63,"date":"2022-10-21T13:04:48","date_gmt":"2022-10-21T11:04:48","guid":{"rendered":"https:\/\/pgkmilejow.pl\/?page_id=63"},"modified":"2026-05-14T08:48:14","modified_gmt":"2026-05-14T06:48:14","slug":"zamowienia-i-przetargi","status":"publish","type":"page","link":"https:\/\/pgkmilejow.pl\/?page_id=63","title":{"rendered":"Og\u0142oszenia"},"content":{"rendered":"<p>AKTUALNE<\/p>\n<p><strong>14-05-2025 r.<br \/>\n<\/strong><strong><a href=\"https:\/\/pgkmilejow.pl\/wp-content\/uploads\/2026\/05\/uniewa\u017cnienie 12-05-2026.pdf\">Og\u0142oszenie o uniewa\u017cnieniu post\u0119powania w sprawie przetargu pisemnego sprzeda\u017cy prawa w\u0142a\u015bno\u015bci nieruchomo\u015bci gruntowej z zabudowaniami w miejscowo\u015bci Milej\u00f3w ul. Weso\u0142a 18<\/a><\/strong><\/p>\n<p><strong>24-04-2025 r.<br \/>\n<\/strong><strong>OG\u0141OSZENIE<br \/>\n<a href=\"https:\/\/pgkmilejow.pl\/wp-content\/uploads\/2026\/04\/og\u0142oszenie 24-04-2026.pdf\">w sprawie przetargu pisemnego nieograniczonego dotycz\u0105cego sprzeda\u017cy prawa w\u0142asno\u015bci nieruchomo\u015bci gruntowej z zabudowaniami w miejscowo\u015bci Milej\u00f3w ul. Weso\u0142a 18<\/a><br \/>\n<\/strong><\/p>\n<p>Przedsi\u0119biorstwo Gospodarki Komunalnej w Milejowie sp. z o.o. og\u0142asza sprzeda\u017c nieruchomo\u015bci po\u0142o\u017conej w miejscowo\u015bci Milej\u00f3w, przy ulicy Weso\u0142ej 18. Nieruchomo\u015b\u0107 sk\u0142ada si\u0119 z dw\u00f3ch dzia\u0142ek: nr 192 oraz nr 193\/2, o \u0142\u0105cznej powierzchni 0,18 ha, oraz budynk\u00f3w: \u2022 administracyjno-biurowego o powierzchni u\u017cytkowej -139 m2, \u2022 warsztatowo-magazynowego powierzchni u\u017cytkowej -140 m2, \u2022 gospodarczo-magazynowego o powierzchni u\u017cytkowej &#8211; 54 m2, \u2022 magazynowego o powierzchni u\u017cytkowej &#8211; 90 m2. Wy\u0142onienie nabywcy nieruchomo\u015bci odb\u0119dzie w drodze nieograniczonego przetargu pisemnego \u2013 szczeg\u00f3\u0142y na stronie internetowej www.pgkmilejow.pl w zak\u0142adce \u201eOG\u0141OSZENIA\u201d. <span style=\"text-decoration: underline;\"><strong>Termin sk\u0142adania ofert do 12-05-2026 r. do godz. 11:00.<\/strong><\/span> <span style=\"text-decoration: underline;\"><strong>CENA WYWO\u0141AWCZA 229.000,00 z\u0142 <\/strong><\/span>*)<strong>. <\/strong>Informacje oraz dokumenty dotycz\u0105ce przetargu mo\u017cna uzyska\u0107 w biurze Przedsi\u0119biorstwa przy ulicy Klarowskiej 23 w miejscowo\u015bci Milej\u00f3w, pod numerem telefonu 817572051 oraz komunikuj\u0105c si\u0119 drog\u0105 elektroniczn\u0105 na adres email: biuro@pgkmilejow.pl<\/p>\n<p>Za\u0142\u0105czniki:<br \/>\n&#8211; <a href=\"https:\/\/pgkmilejow.pl\/wp-content\/uploads\/2026\/04\/og\u0142oszenie 24-04-2026.pdf\">tre\u015b\u0107 og\u0142oszenia<\/a><br \/>\nZa\u0142\u0105czniki do og\u0142oszenia:<br \/>\n&#8211; <a href=\"https:\/\/pgkmilejow.pl\/wp-content\/uploads\/2026\/04\/formularz ofertowy.docx\">formularz ofertowy &#8211; za\u0142\u0105cznik nr 1<\/a><br \/>\n&#8211; <a href=\"https:\/\/pgkmilejow.pl\/wp-content\/uploads\/2026\/04\/operat Milejow PGK 2026.pdf\">operat szacunkowy z dnia 09-04-2026 r. &#8211; za\u0142\u0105cznik nr 2<\/a><br \/>\n*) Operat szacunkowy jest integraln\u0105 cz\u0119\u015bci\u0105 og\u0142oszenia, a wykazane w operacie ceny i stawki\u00a0 s\u0105 podstaw\u0105 ustalenia minimalnej ceny wywo\u0142awczej.<\/p>\n<p>ARCHIWALNE<\/p>\n<p><strong>02-04-2025 r.<br \/>\n<\/strong><strong>OG\u0141OSZENIE<br \/>\n<\/strong><a href=\"https:\/\/pgkmilejow.pl\/wp-content\/uploads\/2025\/04\/sprzedaz-wesola-18-2025-v1.pdf\"><strong>w sprawie przetargu pisemnego nieograniczonego dotycz\u0105cego sprzeda\u017cy prawa w\u0142asno\u015bci nieruchomo\u015bci gruntowej z zabudowaniami w miejscowo\u015bci Milej\u00f3w-Osada ul. Weso\u0142a 18<\/strong><\/a><\/p>\n<p>Za\u0142\u0105czniki:<br \/>\n&#8211; <a href=\"https:\/\/pgkmilejow.pl\/wp-content\/uploads\/2025\/04\/sprzedaz-wesola-18-2025-v1.pdf\">tre\u015b\u0107 og\u0142oszenia<\/a><br \/>\n&#8211; <a href=\"https:\/\/pgkmilejow.pl\/wp-content\/uploads\/2025\/04\/operat szacunkowy 06-12-2024.pdf\">za\u0142\u0105cznik do og\u0142oszenia (operat szacunkowy z dnia 06-12-2024 r.)<\/a><\/p>\n<h3><\/h3>\n","protected":false},"excerpt":{"rendered":"<p>AKTUALNE 14-05-2025 r. Og\u0142oszenie o uniewa\u017cnieniu post\u0119powania w sprawie przetargu pisemnego sprzeda\u017cy prawa w\u0142a\u015bno\u015bci nieruchomo\u015bci gruntowej z zabudowaniami w miejscowo\u015bci Milej\u00f3w ul. Weso\u0142a 18 24-04-2025 r. OG\u0141OSZENIE w sprawie przetargu pisemnego nieograniczonego dotycz\u0105cego sprzeda\u017cy prawa w\u0142asno\u015bci nieruchomo\u015bci gruntowej z zabudowaniami w miejscowo\u015bci Milej\u00f3w ul. Weso\u0142a 18 Przedsi\u0119biorstwo Gospodarki Komunalnej w Milejowie sp. z o.o. og\u0142asza [&hellip;]<\/p>\n","protected":false},"author":2,"featured_media":0,"parent":0,"menu_order":0,"comment_status":"closed","ping_status":"closed","template":"","meta":{"footnotes":""},"class_list":["post-63","page","type-page","status-publish","hentry"],"yoast_head":"<!-- This site is optimized with the Yoast SEO plugin v27.6 - https:\/\/yoast.com\/product\/yoast-seo-wordpress\/ -->\n<title>Og\u0142oszenia - Razem dla natury<\/title>\n<meta name=\"robots\" content=\"index, follow, max-snippet:-1, max-image-preview:large, max-video-preview:-1\" \/>\n<link rel=\"canonical\" href=\"https:\/\/pgkmilejow.pl\/?page_id=63\" \/>\n<meta property=\"og:locale\" content=\"pl_PL\" \/>\n<meta property=\"og:type\" content=\"article\" \/>\n<meta property=\"og:title\" content=\"Og\u0142oszenia - Razem dla natury\" \/>\n<meta property=\"og:description\" content=\"AKTUALNE 14-05-2025 r. Og\u0142oszenie o uniewa\u017cnieniu post\u0119powania w sprawie przetargu pisemnego sprzeda\u017cy prawa w\u0142a\u015bno\u015bci nieruchomo\u015bci gruntowej z zabudowaniami w miejscowo\u015bci Milej\u00f3w ul. Weso\u0142a 18 24-04-2025 r. OG\u0141OSZENIE w sprawie przetargu pisemnego nieograniczonego dotycz\u0105cego sprzeda\u017cy prawa w\u0142asno\u015bci nieruchomo\u015bci gruntowej z zabudowaniami w miejscowo\u015bci Milej\u00f3w ul. Weso\u0142a 18 Przedsi\u0119biorstwo Gospodarki Komunalnej w Milejowie sp. z o.o. og\u0142asza [&hellip;]\" \/>\n<meta property=\"og:url\" content=\"https:\/\/pgkmilejow.pl\/?page_id=63\" \/>\n<meta property=\"og:site_name\" content=\"Razem dla natury\" \/>\n<meta property=\"article:modified_time\" content=\"2026-05-14T06:48:14+00:00\" \/>\n<meta name=\"twitter:card\" content=\"summary_large_image\" \/>\n<meta name=\"twitter:label1\" content=\"Szacowany czas czytania\" \/>\n\t<meta name=\"twitter:data1\" content=\"1 minuta\" \/>\n<script type=\"application\/ld+json\" class=\"yoast-schema-graph\">{\"@context\":\"https:\\\/\\\/schema.org\",\"@graph\":[{\"@type\":\"WebPage\",\"@id\":\"https:\\\/\\\/pgkmilejow.pl\\\/?page_id=63\",\"url\":\"https:\\\/\\\/pgkmilejow.pl\\\/?page_id=63\",\"name\":\"Og\u0142oszenia - Razem dla natury\",\"isPartOf\":{\"@id\":\"https:\\\/\\\/pgkmilejow.pl\\\/#website\"},\"datePublished\":\"2022-10-21T11:04:48+00:00\",\"dateModified\":\"2026-05-14T06:48:14+00:00\",\"breadcrumb\":{\"@id\":\"https:\\\/\\\/pgkmilejow.pl\\\/?page_id=63#breadcrumb\"},\"inLanguage\":\"pl-PL\",\"potentialAction\":[{\"@type\":\"ReadAction\",\"target\":[\"https:\\\/\\\/pgkmilejow.pl\\\/?page_id=63\"]}]},{\"@type\":\"BreadcrumbList\",\"@id\":\"https:\\\/\\\/pgkmilejow.pl\\\/?page_id=63#breadcrumb\",\"itemListElement\":[{\"@type\":\"ListItem\",\"position\":1,\"name\":\"Home\",\"item\":\"https:\\\/\\\/pgkmilejow.pl\\\/\"},{\"@type\":\"ListItem\",\"position\":2,\"name\":\"Og\u0142oszenia\"}]},{\"@type\":\"WebSite\",\"@id\":\"https:\\\/\\\/pgkmilejow.pl\\\/#website\",\"url\":\"https:\\\/\\\/pgkmilejow.pl\\\/\",\"name\":\"Razem dla natury\",\"description\":\"Przedsi\u0119biorstwo Gospodarki Komunalnej w Milejowie Sp. z o. o.\",\"publisher\":{\"@id\":\"https:\\\/\\\/pgkmilejow.pl\\\/#organization\"},\"potentialAction\":[{\"@type\":\"SearchAction\",\"target\":{\"@type\":\"EntryPoint\",\"urlTemplate\":\"https:\\\/\\\/pgkmilejow.pl\\\/?s={search_term_string}\"},\"query-input\":{\"@type\":\"PropertyValueSpecification\",\"valueRequired\":true,\"valueName\":\"search_term_string\"}}],\"inLanguage\":\"pl-PL\"},{\"@type\":\"Organization\",\"@id\":\"https:\\\/\\\/pgkmilejow.pl\\\/#organization\",\"name\":\"Razem dla natury\",\"url\":\"https:\\\/\\\/pgkmilejow.pl\\\/\",\"logo\":{\"@type\":\"ImageObject\",\"inLanguage\":\"pl-PL\",\"@id\":\"https:\\\/\\\/pgkmilejow.pl\\\/#\\\/schema\\\/logo\\\/image\\\/\",\"url\":\"https:\\\/\\\/pgkmilejow.pl\\\/wp-content\\\/uploads\\\/2021\\\/12\\\/logoPGK3-1.png\",\"contentUrl\":\"https:\\\/\\\/pgkmilejow.pl\\\/wp-content\\\/uploads\\\/2021\\\/12\\\/logoPGK3-1.png\",\"width\":246,\"height\":212,\"caption\":\"Razem dla natury\"},\"image\":{\"@id\":\"https:\\\/\\\/pgkmilejow.pl\\\/#\\\/schema\\\/logo\\\/image\\\/\"}}]}<\/script>\n<!-- \/ Yoast SEO plugin. -->","yoast_head_json":{"title":"Og\u0142oszenia - Razem dla natury","robots":{"index":"index","follow":"follow","max-snippet":"max-snippet:-1","max-image-preview":"max-image-preview:large","max-video-preview":"max-video-preview:-1"},"canonical":"https:\/\/pgkmilejow.pl\/?page_id=63","og_locale":"pl_PL","og_type":"article","og_title":"Og\u0142oszenia - Razem dla natury","og_description":"AKTUALNE 14-05-2025 r. Og\u0142oszenie o uniewa\u017cnieniu post\u0119powania w sprawie przetargu pisemnego sprzeda\u017cy prawa w\u0142a\u015bno\u015bci nieruchomo\u015bci gruntowej z zabudowaniami w miejscowo\u015bci Milej\u00f3w ul. Weso\u0142a 18 24-04-2025 r. OG\u0141OSZENIE w sprawie przetargu pisemnego nieograniczonego dotycz\u0105cego sprzeda\u017cy prawa w\u0142asno\u015bci nieruchomo\u015bci gruntowej z zabudowaniami w miejscowo\u015bci Milej\u00f3w ul. Weso\u0142a 18 Przedsi\u0119biorstwo Gospodarki Komunalnej w Milejowie sp. z o.o. og\u0142asza [&hellip;]","og_url":"https:\/\/pgkmilejow.pl\/?page_id=63","og_site_name":"Razem dla natury","article_modified_time":"2026-05-14T06:48:14+00:00","twitter_card":"summary_large_image","twitter_misc":{"Szacowany czas czytania":"1 minuta"},"schema":{"@context":"https:\/\/schema.org","@graph":[{"@type":"WebPage","@id":"https:\/\/pgkmilejow.pl\/?page_id=63","url":"https:\/\/pgkmilejow.pl\/?page_id=63","name":"Og\u0142oszenia - Razem dla natury","isPartOf":{"@id":"https:\/\/pgkmilejow.pl\/#website"},"datePublished":"2022-10-21T11:04:48+00:00","dateModified":"2026-05-14T06:48:14+00:00","breadcrumb":{"@id":"https:\/\/pgkmilejow.pl\/?page_id=63#breadcrumb"},"inLanguage":"pl-PL","potentialAction":[{"@type":"ReadAction","target":["https:\/\/pgkmilejow.pl\/?page_id=63"]}]},{"@type":"BreadcrumbList","@id":"https:\/\/pgkmilejow.pl\/?page_id=63#breadcrumb","itemListElement":[{"@type":"ListItem","position":1,"name":"Home","item":"https:\/\/pgkmilejow.pl\/"},{"@type":"ListItem","position":2,"name":"Og\u0142oszenia"}]},{"@type":"WebSite","@id":"https:\/\/pgkmilejow.pl\/#website","url":"https:\/\/pgkmilejow.pl\/","name":"Razem dla natury","description":"Przedsi\u0119biorstwo Gospodarki Komunalnej w Milejowie Sp. z o. o.","publisher":{"@id":"https:\/\/pgkmilejow.pl\/#organization"},"potentialAction":[{"@type":"SearchAction","target":{"@type":"EntryPoint","urlTemplate":"https:\/\/pgkmilejow.pl\/?s={search_term_string}"},"query-input":{"@type":"PropertyValueSpecification","valueRequired":true,"valueName":"search_term_string"}}],"inLanguage":"pl-PL"},{"@type":"Organization","@id":"https:\/\/pgkmilejow.pl\/#organization","name":"Razem dla natury","url":"https:\/\/pgkmilejow.pl\/","logo":{"@type":"ImageObject","inLanguage":"pl-PL","@id":"https:\/\/pgkmilejow.pl\/#\/schema\/logo\/image\/","url":"https:\/\/pgkmilejow.pl\/wp-content\/uploads\/2021\/12\/logoPGK3-1.png","contentUrl":"https:\/\/pgkmilejow.pl\/wp-content\/uploads\/2021\/12\/logoPGK3-1.png","width":246,"height":212,"caption":"Razem dla natury"},"image":{"@id":"https:\/\/pgkmilejow.pl\/#\/schema\/logo\/image\/"}}]}},"_links":{"self":[{"href":"https:\/\/pgkmilejow.pl\/index.php?rest_route=\/wp\/v2\/pages\/63","targetHints":{"allow":["GET"]}}],"collection":[{"href":"https:\/\/pgkmilejow.pl\/index.php?rest_route=\/wp\/v2\/pages"}],"about":[{"href":"https:\/\/pgkmilejow.pl\/index.php?rest_route=\/wp\/v2\/types\/page"}],"author":[{"embeddable":true,"href":"https:\/\/pgkmilejow.pl\/index.php?rest_route=\/wp\/v2\/users\/2"}],"replies":[{"embeddable":true,"href":"https:\/\/pgkmilejow.pl\/index.php?rest_route=%2Fwp%2Fv2%2Fcomments&post=63"}],"version-history":[{"count":161,"href":"https:\/\/pgkmilejow.pl\/index.php?rest_route=\/wp\/v2\/pages\/63\/revisions"}],"predecessor-version":[{"id":1270,"href":"https:\/\/pgkmilejow.pl\/index.php?rest_route=\/wp\/v2\/pages\/63\/revisions\/1270"}],"wp:attachment":[{"href":"https:\/\/pgkmilejow.pl\/index.php?rest_route=%2Fwp%2Fv2%2Fmedia&parent=63"}],"curies":[{"name":"wp","href":"https:\/\/api.w.org\/{rel}","templated":true}]}}