{"id":78,"date":"2021-12-23T16:18:55","date_gmt":"2021-12-23T15:18:55","guid":{"rendered":"https:\/\/pgkmilejow.pl\/?page_id=78"},"modified":"2025-05-30T14:34:01","modified_gmt":"2025-05-30T12:34:01","slug":"pgk-milejow","status":"publish","type":"page","link":"https:\/\/pgkmilejow.pl\/","title":{"rendered":""},"content":{"rendered":"\n<p><\/p>\n\n\n\n<p><\/p>\n\n\n\n<p><\/p>\n\n\n<figure><\/figure>\n<figure><img decoding=\"async\" src=\"https:\/\/pgkmilejow.pl\/wp-content\/uploads\/2022\/08\/pgk2-150x150.jpg\" alt=\"OLYMPUS DIGITAL CAMERA\" \/>\u00a0<img decoding=\"async\" src=\"https:\/\/pgkmilejow.pl\/wp-content\/uploads\/2022\/08\/pgk1_P-150x150.jpg\" alt=\"OLYMPUS DIGITAL CAMERA\" \/>\u00a0<img decoding=\"async\" src=\"https:\/\/pgkmilejow.pl\/wp-content\/uploads\/2022\/08\/droga4-150x150.jpg\" alt=\"OLYMPUS DIGITAL CAMERA\" \/>\u00a0<img decoding=\"async\" src=\"https:\/\/pgkmilejow.pl\/wp-content\/uploads\/2022\/08\/droga3-150x150.jpg\" alt=\"OLYMPUS DIGITAL CAMERA\" \/>\u00a0<img decoding=\"async\" src=\"https:\/\/pgkmilejow.pl\/wp-content\/uploads\/2022\/08\/droga2-150x150.jpg\" alt=\"OLYMPUS DIGITAL CAMERA\" \/><\/figure>\n<figure><img decoding=\"async\" src=\"https:\/\/pgkmilejow.pl\/wp-content\/uploads\/2022\/08\/droga1-150x150.jpg\" alt=\"OLYMPUS DIGITAL CAMERA\" \/><\/figure>\n<h3>\u00a0<\/h3>\n\n\n<p><strong>Witamy na stronie Przedsi\u0119biorstwa Gospodarki Komunalnej<br>w Milejowie Sp. z o. o.<\/strong><br><\/p>\n\n\n<\/p>\n\n\n<\/p>\n<p>Jeste\u015bmy sp\u00f3\u0142k\u0105 komunaln\u0105 dzia\u0142aj\u0105c\u0105 na rzecz w szczeg\u00f3lno\u015bci mieszka\u0144c\u00f3w gminy Milej\u00f3w.\u00a0W zakres podstawowej dzia\u0142alno\u015bci PGK wchodz\u0105 us\u0142ugi dostarczania wody, odprowadzania i oczyszczania \u015bciek\u00f3w, odbioru, transportu i zagospodarowania odpad\u00f3w komunalnych, utrzymania czysto\u015bci i porz\u0105dku ulic, plac\u00f3w.<\/p>\n<p>\n\n\n<\/p>\n\n\n<\/p>\n<h2 class=\"wp-block-heading\"><strong>Zarz\u0105d<\/strong><\/h2>\n<p>\n\n\n<p><strong>S\u0142awomir Czubacki &#8211; Prezes Zarz\u0105du<br \/><\/strong><br \/><strong><em>RADA NADZORCZA:<\/em><\/strong><\/p>\n<p>Ewa Chmiel &#8211; Przewodnicz\u0105cy Rady Nadzorczej<\/p>\n<p>Andrzej Kita &#8211; Cz\u0142onek Rady Nadzorczej<\/p>\n<p>Marcin Plewka &#8211; Cz\u0142onek Rady Nadzorczej<\/p>\n<p>ZGROMADZENIE WSP\u00d3LNIK\u00d3W<\/p>\n<p>Tomasz Sury\u015b &#8211; W\u00f3jt Gminy Milej\u00f3w<\/p>\n<\/p>\n<p style=\"text-align: left;\">Przedsi\u0119biorstwo Gospodarki Komunalnej w Milejowie Sp. z o.o. to sp\u00f3\u0142ka powo\u0142ana Uchwa\u0142\u0105 Rady Gminy Milej\u00f3w nr XXXI\/242\/10 w dniu 29.09.2010 r. Wpisana 29.10.2010 r. do rejestru przedsi\u0119biorc\u00f3w prowadzonego przez S\u0105d Rejonowy Lublin \u2013 Wch\u00f3d w Lublinie z siedzib\u0105 w \u015awidniku VI Wydzia\u0142 Gospodarczy Krajowego Rejestru S\u0105dowego pod numerem 0000369443.<\/p>\n<p style=\"text-align: left;\">Z dniem 01.05.2021r. Sp\u00f3\u0142ka po\u0142\u0105czy\u0142a si\u0119 ze Sp\u00f3\u0142k\u0105 Wodno-\u015aciekow\u0105 w Milejowie <br \/>( oczyszczalni\u0105 \u015bciek\u00f3w ).<\/p>\n<\/p>\n\n\n<p><\/p>\n","protected":false},"excerpt":{"rendered":"<p>\u00a0\u00a0\u00a0\u00a0 \u00a0 Witamy na stronie Przedsi\u0119biorstwa Gospodarki Komunalnejw Milejowie Sp. z o. o. Jeste\u015bmy sp\u00f3\u0142k\u0105 komunaln\u0105 dzia\u0142aj\u0105c\u0105 na rzecz w szczeg\u00f3lno\u015bci mieszka\u0144c\u00f3w gminy Milej\u00f3w.\u00a0W zakres podstawowej dzia\u0142alno\u015bci PGK wchodz\u0105 us\u0142ugi dostarczania wody, odprowadzania i oczyszczania \u015bciek\u00f3w, odbioru, transportu i zagospodarowania odpad\u00f3w komunalnych, utrzymania czysto\u015bci i porz\u0105dku ulic, plac\u00f3w. Zarz\u0105d S\u0142awomir Czubacki &#8211; Prezes Zarz\u0105duRADA NADZORCZA: [&hellip;]<\/p>\n","protected":false},"author":3,"featured_media":0,"parent":0,"menu_order":0,"comment_status":"closed","ping_status":"closed","template":"","meta":{"footnotes":""},"class_list":["post-78","page","type-page","status-publish","hentry"],"yoast_head":"<!-- This site is optimized with the Yoast SEO plugin v27.6 - https:\/\/yoast.com\/product\/yoast-seo-wordpress\/ -->\n<title>% - Razem dla natury<\/title>\n<meta name=\"robots\" content=\"index, follow, max-snippet:-1, max-image-preview:large, max-video-preview:-1\" \/>\n<link rel=\"canonical\" href=\"https:\/\/pgkmilejow.pl\/\" \/>\n<meta property=\"og:locale\" content=\"pl_PL\" \/>\n<meta property=\"og:type\" content=\"article\" \/>\n<meta property=\"og:title\" content=\"% - Razem dla natury\" \/>\n<meta property=\"og:description\" content=\"\u00a0\u00a0\u00a0\u00a0 \u00a0 Witamy na stronie Przedsi\u0119biorstwa Gospodarki Komunalnejw Milejowie Sp. z o. o. Jeste\u015bmy sp\u00f3\u0142k\u0105 komunaln\u0105 dzia\u0142aj\u0105c\u0105 na rzecz w szczeg\u00f3lno\u015bci mieszka\u0144c\u00f3w gminy Milej\u00f3w.\u00a0W zakres podstawowej dzia\u0142alno\u015bci PGK wchodz\u0105 us\u0142ugi dostarczania wody, odprowadzania i oczyszczania \u015bciek\u00f3w, odbioru, transportu i zagospodarowania odpad\u00f3w komunalnych, utrzymania czysto\u015bci i porz\u0105dku ulic, plac\u00f3w. Zarz\u0105d S\u0142awomir Czubacki &#8211; Prezes Zarz\u0105duRADA NADZORCZA: [&hellip;]\" \/>\n<meta property=\"og:url\" content=\"https:\/\/pgkmilejow.pl\/\" \/>\n<meta property=\"og:site_name\" content=\"Razem dla natury\" \/>\n<meta property=\"article:modified_time\" content=\"2025-05-30T12:34:01+00:00\" \/>\n<meta property=\"og:image\" content=\"https:\/\/pgkmilejow.pl\/wp-content\/uploads\/2022\/08\/pgk2-150x150.jpg\" \/>\n<meta name=\"twitter:card\" content=\"summary_large_image\" \/>\n<meta name=\"twitter:label1\" content=\"Szacowany czas czytania\" \/>\n\t<meta name=\"twitter:data1\" content=\"2 minuty\" \/>\n<script type=\"application\/ld+json\" class=\"yoast-schema-graph\">{\"@context\":\"https:\\\/\\\/schema.org\",\"@graph\":[{\"@type\":\"WebPage\",\"@id\":\"https:\\\/\\\/pgkmilejow.pl\\\/\",\"url\":\"https:\\\/\\\/pgkmilejow.pl\\\/\",\"name\":\"% - Razem dla natury\",\"isPartOf\":{\"@id\":\"https:\\\/\\\/pgkmilejow.pl\\\/#website\"},\"primaryImageOfPage\":{\"@id\":\"https:\\\/\\\/pgkmilejow.pl\\\/#primaryimage\"},\"image\":{\"@id\":\"https:\\\/\\\/pgkmilejow.pl\\\/#primaryimage\"},\"thumbnailUrl\":\"https:\\\/\\\/pgkmilejow.pl\\\/wp-content\\\/uploads\\\/2022\\\/08\\\/pgk2-150x150.jpg\",\"datePublished\":\"2021-12-23T15:18:55+00:00\",\"dateModified\":\"2025-05-30T12:34:01+00:00\",\"inLanguage\":\"pl-PL\",\"potentialAction\":[{\"@type\":\"ReadAction\",\"target\":[\"https:\\\/\\\/pgkmilejow.pl\\\/\"]}]},{\"@type\":\"ImageObject\",\"inLanguage\":\"pl-PL\",\"@id\":\"https:\\\/\\\/pgkmilejow.pl\\\/#primaryimage\",\"url\":\"https:\\\/\\\/pgkmilejow.pl\\\/wp-content\\\/uploads\\\/2022\\\/08\\\/pgk2-150x150.jpg\",\"contentUrl\":\"https:\\\/\\\/pgkmilejow.pl\\\/wp-content\\\/uploads\\\/2022\\\/08\\\/pgk2-150x150.jpg\"},{\"@type\":\"WebSite\",\"@id\":\"https:\\\/\\\/pgkmilejow.pl\\\/#website\",\"url\":\"https:\\\/\\\/pgkmilejow.pl\\\/\",\"name\":\"Razem dla natury\",\"description\":\"Przedsi\u0119biorstwo Gospodarki Komunalnej w Milejowie Sp. z o. o.\",\"publisher\":{\"@id\":\"https:\\\/\\\/pgkmilejow.pl\\\/#organization\"},\"potentialAction\":[{\"@type\":\"SearchAction\",\"target\":{\"@type\":\"EntryPoint\",\"urlTemplate\":\"https:\\\/\\\/pgkmilejow.pl\\\/?s={search_term_string}\"},\"query-input\":{\"@type\":\"PropertyValueSpecification\",\"valueRequired\":true,\"valueName\":\"search_term_string\"}}],\"inLanguage\":\"pl-PL\"},{\"@type\":\"Organization\",\"@id\":\"https:\\\/\\\/pgkmilejow.pl\\\/#organization\",\"name\":\"Razem dla natury\",\"url\":\"https:\\\/\\\/pgkmilejow.pl\\\/\",\"logo\":{\"@type\":\"ImageObject\",\"inLanguage\":\"pl-PL\",\"@id\":\"https:\\\/\\\/pgkmilejow.pl\\\/#\\\/schema\\\/logo\\\/image\\\/\",\"url\":\"https:\\\/\\\/pgkmilejow.pl\\\/wp-content\\\/uploads\\\/2021\\\/12\\\/logoPGK3-1.png\",\"contentUrl\":\"https:\\\/\\\/pgkmilejow.pl\\\/wp-content\\\/uploads\\\/2021\\\/12\\\/logoPGK3-1.png\",\"width\":246,\"height\":212,\"caption\":\"Razem dla natury\"},\"image\":{\"@id\":\"https:\\\/\\\/pgkmilejow.pl\\\/#\\\/schema\\\/logo\\\/image\\\/\"}}]}<\/script>\n<!-- \/ Yoast SEO plugin. -->","yoast_head_json":{"title":"% - Razem dla natury","robots":{"index":"index","follow":"follow","max-snippet":"max-snippet:-1","max-image-preview":"max-image-preview:large","max-video-preview":"max-video-preview:-1"},"canonical":"https:\/\/pgkmilejow.pl\/","og_locale":"pl_PL","og_type":"article","og_title":"% - Razem dla natury","og_description":"\u00a0\u00a0\u00a0\u00a0 \u00a0 Witamy na stronie Przedsi\u0119biorstwa Gospodarki Komunalnejw Milejowie Sp. z o. o. Jeste\u015bmy sp\u00f3\u0142k\u0105 komunaln\u0105 dzia\u0142aj\u0105c\u0105 na rzecz w szczeg\u00f3lno\u015bci mieszka\u0144c\u00f3w gminy Milej\u00f3w.\u00a0W zakres podstawowej dzia\u0142alno\u015bci PGK wchodz\u0105 us\u0142ugi dostarczania wody, odprowadzania i oczyszczania \u015bciek\u00f3w, odbioru, transportu i zagospodarowania odpad\u00f3w komunalnych, utrzymania czysto\u015bci i porz\u0105dku ulic, plac\u00f3w. Zarz\u0105d S\u0142awomir Czubacki &#8211; Prezes Zarz\u0105duRADA NADZORCZA: [&hellip;]","og_url":"https:\/\/pgkmilejow.pl\/","og_site_name":"Razem dla natury","article_modified_time":"2025-05-30T12:34:01+00:00","og_image":[{"url":"https:\/\/pgkmilejow.pl\/wp-content\/uploads\/2022\/08\/pgk2-150x150.jpg","type":"","width":"","height":""}],"twitter_card":"summary_large_image","twitter_misc":{"Szacowany czas czytania":"2 minuty"},"schema":{"@context":"https:\/\/schema.org","@graph":[{"@type":"WebPage","@id":"https:\/\/pgkmilejow.pl\/","url":"https:\/\/pgkmilejow.pl\/","name":"% - Razem dla natury","isPartOf":{"@id":"https:\/\/pgkmilejow.pl\/#website"},"primaryImageOfPage":{"@id":"https:\/\/pgkmilejow.pl\/#primaryimage"},"image":{"@id":"https:\/\/pgkmilejow.pl\/#primaryimage"},"thumbnailUrl":"https:\/\/pgkmilejow.pl\/wp-content\/uploads\/2022\/08\/pgk2-150x150.jpg","datePublished":"2021-12-23T15:18:55+00:00","dateModified":"2025-05-30T12:34:01+00:00","inLanguage":"pl-PL","potentialAction":[{"@type":"ReadAction","target":["https:\/\/pgkmilejow.pl\/"]}]},{"@type":"ImageObject","inLanguage":"pl-PL","@id":"https:\/\/pgkmilejow.pl\/#primaryimage","url":"https:\/\/pgkmilejow.pl\/wp-content\/uploads\/2022\/08\/pgk2-150x150.jpg","contentUrl":"https:\/\/pgkmilejow.pl\/wp-content\/uploads\/2022\/08\/pgk2-150x150.jpg"},{"@type":"WebSite","@id":"https:\/\/pgkmilejow.pl\/#website","url":"https:\/\/pgkmilejow.pl\/","name":"Razem dla natury","description":"Przedsi\u0119biorstwo Gospodarki Komunalnej w Milejowie Sp. z o. o.","publisher":{"@id":"https:\/\/pgkmilejow.pl\/#organization"},"potentialAction":[{"@type":"SearchAction","target":{"@type":"EntryPoint","urlTemplate":"https:\/\/pgkmilejow.pl\/?s={search_term_string}"},"query-input":{"@type":"PropertyValueSpecification","valueRequired":true,"valueName":"search_term_string"}}],"inLanguage":"pl-PL"},{"@type":"Organization","@id":"https:\/\/pgkmilejow.pl\/#organization","name":"Razem dla natury","url":"https:\/\/pgkmilejow.pl\/","logo":{"@type":"ImageObject","inLanguage":"pl-PL","@id":"https:\/\/pgkmilejow.pl\/#\/schema\/logo\/image\/","url":"https:\/\/pgkmilejow.pl\/wp-content\/uploads\/2021\/12\/logoPGK3-1.png","contentUrl":"https:\/\/pgkmilejow.pl\/wp-content\/uploads\/2021\/12\/logoPGK3-1.png","width":246,"height":212,"caption":"Razem dla natury"},"image":{"@id":"https:\/\/pgkmilejow.pl\/#\/schema\/logo\/image\/"}}]}},"_links":{"self":[{"href":"https:\/\/pgkmilejow.pl\/index.php?rest_route=\/wp\/v2\/pages\/78","targetHints":{"allow":["GET"]}}],"collection":[{"href":"https:\/\/pgkmilejow.pl\/index.php?rest_route=\/wp\/v2\/pages"}],"about":[{"href":"https:\/\/pgkmilejow.pl\/index.php?rest_route=\/wp\/v2\/types\/page"}],"author":[{"embeddable":true,"href":"https:\/\/pgkmilejow.pl\/index.php?rest_route=\/wp\/v2\/users\/3"}],"replies":[{"embeddable":true,"href":"https:\/\/pgkmilejow.pl\/index.php?rest_route=%2Fwp%2Fv2%2Fcomments&post=78"}],"version-history":[{"count":86,"href":"https:\/\/pgkmilejow.pl\/index.php?rest_route=\/wp\/v2\/pages\/78\/revisions"}],"predecessor-version":[{"id":1118,"href":"https:\/\/pgkmilejow.pl\/index.php?rest_route=\/wp\/v2\/pages\/78\/revisions\/1118"}],"wp:attachment":[{"href":"https:\/\/pgkmilejow.pl\/index.php?rest_route=%2Fwp%2Fv2%2Fmedia&parent=78"}],"curies":[{"name":"wp","href":"https:\/\/api.w.org\/{rel}","templated":true}]}}